{"id":5656,"date":"2018-01-19T10:53:14","date_gmt":"2018-01-19T15:53:14","guid":{"rendered":"http:\/\/vivaviajando.com\/?page_id=5656"},"modified":"2018-03-15T11:13:38","modified_gmt":"2018-03-15T16:13:38","slug":"nuestro-compromiso","status":"publish","type":"page","link":"https:\/\/vivaviajando.com\/es\/quienes-somos\/nuestro-compromiso\/","title":{"rendered":"Nuestro compromiso"},"content":{"rendered":"<p><\/p>\n<h2><span style=\"color: #ff6600;\">\u201cLas personas que gastan su dinero en EXPERIENCIAS en lugar de cosas materiales son m\u00e1s felices\u201d<\/span><\/h2>\n<p>Somos una agencia de viajes mayorista creada desde el 2002, con <strong>Registro Nacional de Turismo RNT # 7408<\/strong>;\u00a0 Empresa legalmente constituida ante el Ministerio de Industria, Comercio y Turismo de Colombia y La C\u00e1mara de Comercio de Bogot\u00e1, pertenecemos a ANATO (Asociaci\u00f3n nacional de agencias de viajes y turismo de Colombia) y trabajamos en alianza con PROCOLOMBIA y MARCA PA\u00cdS entre otros.<\/p>\n<p>Nuestro personal humano cuenta con experiencia en crear, dise\u00f1ar y comercializar planes tur\u00edsticos a la medida de cada persona. Ofrecer una asesor\u00eda veraz a nuestros clientes es nuestra visi\u00f3n como empresa y llevamos a cabo este trabajo de la mano de aliados y proveedores de servicios altamente reconocidos para brindar a nuestro cliente el respaldo desde que empieza a planear su viaje hasta que llega a casa, con la certeza que nunca estar\u00e1 solo y que si nos necesita puede tomar un tel\u00e9fono y ubicarnos desde donde est\u00e9, ofrecemos a nuestros pasajeros la seguridad de hacer un viaje placentero, divertido y seguro seg\u00fan sus necesidades.<\/p>\n<p>En Viva Viajando dise\u00f1amos soluciones que se ajusten a cada una de las exigencias de nuestros clientes, respaldada por la experiencia adquirida con m\u00e1s de 15 a\u00f1os en el mercado y una trayectoria en el sector Tur\u00edstico de m\u00e1s de 28 de\u00a0quienes\u00a0trabajamos aqu\u00ed; Innovando constantemente para ajustarnos a la evoluci\u00f3n que ha tenido la industria del turismo en los \u00faltimos a\u00f1os, trabajamos con responsabilidad con quienes ponen su dinero y sus sue\u00f1os en nuestras manos. \u00a1En Viva Viajando vendemos felicidad!!.<\/p>\n<p>\u00a1Cu\u00e9ntanos tus planes y te ayudaremos\u00a0 hacerlos realidad!&#8230;<\/p>","protected":false},"excerpt":{"rendered":"<p>\u201cLas personas que gastan su dinero en EXPERIENCIAS en lugar de cosas materiales son m\u00e1s felices\u201d Somos una agencia de viajes mayorista creada desde el 2002, con Registro Nacional de Turismo RNT # 7408;\u00a0 Empresa legalmente constituida ante el Ministerio de Industria, Comercio y Turismo de [&hellip;]<\/p>\n","protected":false},"author":1,"featured_media":0,"parent":4928,"menu_order":0,"comment_status":"closed","ping_status":"closed","template":"page_f.php","meta":[],"_links":{"self":[{"href":"https:\/\/vivaviajando.com\/es\/wp-json\/wp\/v2\/pages\/5656"}],"collection":[{"href":"https:\/\/vivaviajando.com\/es\/wp-json\/wp\/v2\/pages"}],"about":[{"href":"https:\/\/vivaviajando.com\/es\/wp-json\/wp\/v2\/types\/page"}],"author":[{"embeddable":true,"href":"https:\/\/vivaviajando.com\/es\/wp-json\/wp\/v2\/users\/1"}],"replies":[{"embeddable":true,"href":"https:\/\/vivaviajando.com\/es\/wp-json\/wp\/v2\/comments?post=5656"}],"version-history":[{"count":5,"href":"https:\/\/vivaviajando.com\/es\/wp-json\/wp\/v2\/pages\/5656\/revisions"}],"predecessor-version":[{"id":6021,"href":"https:\/\/vivaviajando.com\/es\/wp-json\/wp\/v2\/pages\/5656\/revisions\/6021"}],"up":[{"embeddable":true,"href":"https:\/\/vivaviajando.com\/es\/wp-json\/wp\/v2\/pages\/4928"}],"wp:attachment":[{"href":"https:\/\/vivaviajando.com\/es\/wp-json\/wp\/v2\/media?parent=5656"}],"curies":[{"name":"wp","href":"https:\/\/api.w.org\/{rel}","templated":true}]}}