{"id":5593,"date":"2018-01-18T17:53:50","date_gmt":"2018-01-18T22:53:50","guid":{"rendered":"http:\/\/vivaviajando.com\/?page_id=5593"},"modified":"2019-07-22T13:33:18","modified_gmt":"2019-07-22T18:33:18","slug":"colombia","status":"publish","type":"page","link":"https:\/\/vivaviajando.com\/es\/destinations\/colombia\/","title":{"rendered":"Colombia"},"content":{"rendered":"<div class=\"divider one\">&nbsp;<\/div>\n<div class=\"divider one\">&nbsp;<\/div>\n<div class=\"ppb_tour one withpadding \" >\n<div class=\"page_content_wrapper \" style=\"text-align:center\">\n<div class=\"portfolio_filter_wrapper three_cols shortcode gallery section content clearfix\">\n<div class=\"element portfolio3filter_wrapper\">\n<div class=\"one_third gallery3 filterable gallery_type animated1\"><a href=\"http:\/\/vivaviajando.com\/tours\/amazonas-a-tu-alcance\/\"><br \/>\n        \t\t    <img src=\"http:\/\/vivaviajando.com\/wp-content\/uploads\/2018\/01\/Leticia-560x460.jpg\" alt=\"\" \/><br \/>\n        \t\t<\/a><\/p>\n<div class=\"thumb_content  \">\n<div class=\"thumb_title\">\n<div class=\"tour_country\">\n\t            \t\tColombia\n\t            \t<\/div>\n<h3>Amazonas a tu alcance<\/h3>\n<\/p><\/div>\n<div class=\"thumb_meta\">\n<div class=\"tour_days\">\n\t            \t\t11 D\u00edas\n\t            \t<\/div>\n<div class=\"tour_price\">\n\t            \t\t<i class=\"fa fa-user\"><\/i><i class=\"fa fa-user\"><\/i> $\n\t            \t<\/div>\n<\/div>\n<\/div>\n<\/div>\n<\/div>\n<div class=\"element portfolio3filter_wrapper\">\n<div class=\"one_third gallery3 filterable gallery_type animated2\"><a href=\"http:\/\/vivaviajando.com\/tours\/viva-el-eje-cafetero\/\"><br \/>\n        \t\t    <img src=\"http:\/\/vivaviajando.com\/wp-content\/uploads\/2017\/05\/Eje-cafetero-1-560x460.jpg\" alt=\"\" \/><br \/>\n        \t\t<\/a><\/p>\n<div class=\"thumb_content  \">\n<div class=\"thumb_title\">\n<div class=\"tour_country\">\n\t            \t\tColombia\n\t            \t<\/div>\n<h3>VIVA EL EJE CAFETERO!<\/h3>\n<\/p><\/div>\n<div class=\"thumb_meta\">\n<div class=\"tour_days\">\n\t            \t\t5 D\u00edas\n\t            \t<\/div>\n<div class=\"tour_price\">\n\t            \t\t<i class=\"fa fa-user\"><\/i><i class=\"fa fa-user\"><\/i> $465\n\t            \t<\/div>\n<\/div>\n<\/div>\n<\/div>\n<\/div>\n<div class=\"element portfolio3filter_wrapper\">\n<div class=\"one_third gallery3 filterable gallery_type animated3\"><a href=\"http:\/\/vivaviajando.com\/tours\/crucero\/\"><br \/>\n        \t\t    <img src=\"http:\/\/vivaviajando.com\/wp-content\/uploads\/2017\/02\/generic-560x460.jpg\" alt=\"\" \/><br \/>\n        \t\t<\/a><\/p>\n<div class=\"thumb_content  \">\n<div class=\"thumb_title\">\n<div class=\"tour_country\">\n\t            \t\tCaribe\n\t            \t<\/div>\n<h3>Cruceros Unicos A Tu Medida<\/h3>\n<\/p><\/div>\n<div class=\"thumb_meta\">\n<div class=\"tour_days\">\n\t            \t\t8 D\u00edas\n\t            \t<\/div>\n<div class=\"tour_price\">\n\t            \t\t<i class=\"fa fa-user\"><\/i><i class=\"fa fa-user\"><\/i> $820\n\t            \t<\/div>\n<\/div>\n<\/div>\n<\/div>\n<\/div>\n<div class=\"element portfolio3filter_wrapper\">\n<div class=\"one_third gallery3 filterable gallery_type animated4\"><a href=\"http:\/\/vivaviajando.com\/tours\/sierra-nevada-de-santa-marta-2\/\"><br \/>\n        \t\t    <img src=\"http:\/\/vivaviajando.com\/wp-content\/uploads\/2017\/05\/parque-tayrona-1-560x460.jpg\" alt=\"\" \/><br \/>\n        \t\t<\/a><\/p>\n<div class=\"thumb_content  \">\n<div class=\"thumb_title\">\n<div class=\"tour_country\">\n\t            \t\tColombia\n\t            \t<\/div>\n<h3>Santa Marta<\/h3>\n<\/p><\/div>\n<div class=\"thumb_meta\">\n<div class=\"tour_days\">\n\t            \t\t4 D\u00edas\n\t            \t<\/div>\n<div class=\"tour_price\">\n\t            \t\t<i class=\"fa fa-user\"><\/i><i class=\"fa fa-user\"><\/i> $COP550\n\t            \t<\/div>\n<\/div>\n<\/div>\n<\/div>\n<\/div>\n<div class=\"element portfolio3filter_wrapper\">\n<div class=\"one_third gallery3 filterable gallery_type animated5\"><a href=\"http:\/\/vivaviajando.com\/tours\/bogota-y-zipaquira\/\"><br \/>\n        \t\t    <img src=\"http:\/\/vivaviajando.com\/wp-content\/uploads\/2017\/05\/Bogot\u00e1-1-560x460.jpg\" alt=\"\" \/><br \/>\n        \t\t<\/a><\/p>\n<div class=\"thumb_content  \">\n<div class=\"thumb_title\">\n<div class=\"tour_country\">\n\t            \t\tColombia\n\t            \t<\/div>\n<h3>Bogot\u00e1 Y Zipaquira<\/h3>\n<\/p><\/div>\n<div class=\"thumb_meta\">\n<div class=\"tour_days\">\n\t            \t\t5 D\u00edas\n\t            \t<\/div>\n<div class=\"tour_price\">\n\t            \t\t<i class=\"fa fa-user\"><\/i><i class=\"fa fa-user\"><\/i> $610\n\t            \t<\/div>\n<\/div>\n<\/div>\n<\/div>\n<\/div>\n<div class=\"element portfolio3filter_wrapper\">\n<div class=\"one_third gallery3 filterable gallery_type animated6\"><a href=\"http:\/\/vivaviajando.com\/tours\/cano-cristales\/\"><br \/>\n        \t\t    <img src=\"http:\/\/vivaviajando.com\/wp-content\/uploads\/2017\/05\/Ca\u00f1o-Cristales-1-560x460.jpg\" alt=\"\" \/><br \/>\n        \t\t<\/a><\/p>\n<div class=\"thumb_content  \">\n<div class=\"thumb_title\">\n<div class=\"tour_country\">\n\t            \t\tColombia\n\t            \t<\/div>\n<h3>Colombia y su Realismo M\u00e1gico<\/h3>\n<\/p><\/div>\n<div class=\"thumb_meta\">\n<div class=\"tour_days\">\n\t            \t\t11 D\u00edas\n\t            \t<\/div>\n<div class=\"tour_price\">\n\t            \t\t<i class=\"fa fa-user\"><\/i><i class=\"fa fa-user\"><\/i> $\n\t            \t<\/div>\n<\/div>\n<\/div>\n<\/div>\n<\/div>\n<div class=\"element portfolio3filter_wrapper\">\n<div class=\"one_third gallery3 filterable gallery_type animated7\"><a href=\"http:\/\/vivaviajando.com\/tours\/otros-destinos\/\"><br \/>\n        \t\t    <img src=\"http:\/\/vivaviajando.com\/wp-content\/uploads\/2018\/01\/mundo.jpg\" alt=\"\" \/><br \/>\n        \t\t<\/a><\/p>\n<div class=\"thumb_content  \">\n<div class=\"thumb_title\">\n<h3>Otros destinos<\/h3>\n<\/p><\/div>\n<div class=\"thumb_meta\">\n<div class=\"tour_days\">\n\t            \t\t1 D\u00eda\n\t            \t<\/div>\n<\/div>\n<\/div>\n<\/div>\n<\/div>\n<div class=\"element portfolio3filter_wrapper\">\n<div class=\"one_third gallery3 filterable gallery_type animated8\"><a href=\"http:\/\/vivaviajando.com\/tours\/sierra-nevada-de-santa-marta\/\"><br \/>\n        \t\t    <img src=\"http:\/\/vivaviajando.com\/wp-content\/uploads\/2017\/05\/Ryan_Whisner_cuidad_perdida2-560x460.jpg\" alt=\"\" \/><br \/>\n        \t\t<\/a><\/p>\n<div class=\"thumb_content  \">\n<div class=\"thumb_title\">\n<div class=\"tour_country\">\n\t            \t\tColombia\n\t            \t<\/div>\n<h3>Sierra Nevada de Santa Marta<\/h3>\n<\/p><\/div>\n<div class=\"thumb_meta\">\n<div class=\"tour_days\">\n\t            \t\t7 D\u00edas\n\t            \t<\/div>\n<div class=\"tour_price\">\n\t            \t\t<i class=\"fa fa-user\"><\/i><i class=\"fa fa-user\"><\/i> $865\n\t            \t<\/div>\n<\/div>\n<\/div>\n<\/div>\n<\/div>\n<div class=\"element portfolio3filter_wrapper\">\n<div class=\"one_third gallery3 filterable gallery_type animated9\"><a href=\"http:\/\/vivaviajando.com\/tours\/cartagena\/\"><br \/>\n        \t\t    <img src=\"http:\/\/vivaviajando.com\/wp-content\/uploads\/2016\/01\/Sunset-cartagena-tower-dewired-560x460.jpg\" alt=\"\" \/><br \/>\n        \t\t<\/a><\/p>\n<div class=\"thumb_content  \">\n<div class=\"thumb_title\">\n<div class=\"tour_country\">\n\t            \t\tColombia\n\t            \t<\/div>\n<h3>Cartagena<\/h3>\n<\/p><\/div>\n<div class=\"thumb_meta\">\n<div class=\"tour_days\">\n\t            \t\t4 D\u00edas\n\t            \t<\/div>\n<div class=\"tour_price\">\n\t            \t\t<i class=\"fa fa-user\"><\/i><i class=\"fa fa-user\"><\/i> $COP710\n\t            \t<\/div>\n<\/div>\n<\/div>\n<\/div>\n<\/div>\n<div class=\"element portfolio3filter_wrapper\">\n<div class=\"one_third gallery3 filterable gallery_type animated10\"><a href=\"http:\/\/vivaviajando.com\/tours\/viva-la-salsa-en-colombia\/\"><br \/>\n        \t\t    <img src=\"http:\/\/vivaviajando.com\/wp-content\/uploads\/2018\/01\/CARNAVAL_DEL_CALI_VIEJO_EN_LA_FERIA_DE_CALI_2015-560x460.jpg\" alt=\"\" \/><br \/>\n        \t\t<\/a><\/p>\n<div class=\"thumb_content  \">\n<div class=\"thumb_title\">\n<div class=\"tour_country\">\n\t            \t\tColombia\n\t            \t<\/div>\n<h3>Viva la Salsa en Colombia<\/h3>\n<\/p><\/div>\n<div class=\"thumb_meta\">\n<div class=\"tour_days\">\n\t            \t\t55 D\u00edas\n\t            \t<\/div>\n<div class=\"tour_price\">\n\t            \t\t<i class=\"fa fa-user\"><\/i><i class=\"fa fa-user\"><\/i> $\n\t            \t<\/div>\n<\/div>\n<\/div>\n<\/div>\n<\/div>\n<div class=\"element portfolio3filter_wrapper\">\n<div class=\"one_third gallery3 filterable gallery_type animated11\"><a href=\"http:\/\/vivaviajando.com\/tours\/feria-de-flores\/\"><br \/>\n        \t\t    <img src=\"http:\/\/vivaviajando.com\/wp-content\/uploads\/2016\/01\/imagen-silleteros.jpg\" alt=\"\" \/><br \/>\n        \t\t<\/a><\/p>\n<div class=\"thumb_content  \">\n<div class=\"thumb_title\">\n<div class=\"tour_country\">\n\t            \t\tColombia\n\t            \t<\/div>\n<h3>Feria de Flores en Medellin<\/h3>\n<\/p><\/div>\n<div class=\"thumb_meta\">\n<div class=\"tour_days\">\n\t            \t\t4 D\u00edas\n\t            \t<\/div>\n<div class=\"tour_price\">\n\t            \t\t<i class=\"fa fa-user\"><\/i><i class=\"fa fa-user\"><\/i> $COP1\n\t            \t<\/div>\n<\/div>\n<\/div>\n<\/div>\n<\/div>\n<\/div>\n<\/div>\n<\/div>\n<div class=\"one withsmallpadding \" >\n<div class=\"page_content_wrapper\" style=\"text-align:center\"><\/div>\n<\/div>\n","protected":false},"excerpt":{"rendered":"<p>&nbsp; &nbsp; Colombia Amazonas a tu alcance 11 D\u00edas $ Colombia VIVA EL EJE CAFETERO! 5 D\u00edas $465 Caribe Cruceros Unicos A Tu Medida 8 D\u00edas $820 Colombia Santa Marta 4 D\u00edas $COP550 Colombia Bogot\u00e1 Y Zipaquira 5 D\u00edas $610 Colombia Colombia y su Realismo M\u00e1gico [&hellip;]<\/p>\n","protected":false},"author":1,"featured_media":5229,"parent":2823,"menu_order":0,"comment_status":"closed","ping_status":"closed","template":"","meta":[],"_links":{"self":[{"href":"https:\/\/vivaviajando.com\/es\/wp-json\/wp\/v2\/pages\/5593"}],"collection":[{"href":"https:\/\/vivaviajando.com\/es\/wp-json\/wp\/v2\/pages"}],"about":[{"href":"https:\/\/vivaviajando.com\/es\/wp-json\/wp\/v2\/types\/page"}],"author":[{"embeddable":true,"href":"https:\/\/vivaviajando.com\/es\/wp-json\/wp\/v2\/users\/1"}],"replies":[{"embeddable":true,"href":"https:\/\/vivaviajando.com\/es\/wp-json\/wp\/v2\/comments?post=5593"}],"version-history":[{"count":31,"href":"https:\/\/vivaviajando.com\/es\/wp-json\/wp\/v2\/pages\/5593\/revisions"}],"predecessor-version":[{"id":6296,"href":"https:\/\/vivaviajando.com\/es\/wp-json\/wp\/v2\/pages\/5593\/revisions\/6296"}],"up":[{"embeddable":true,"href":"https:\/\/vivaviajando.com\/es\/wp-json\/wp\/v2\/pages\/2823"}],"wp:featuredmedia":[{"embeddable":true,"href":"https:\/\/vivaviajando.com\/es\/wp-json\/wp\/v2\/media\/5229"}],"wp:attachment":[{"href":"https:\/\/vivaviajando.com\/es\/wp-json\/wp\/v2\/media?parent=5593"}],"curies":[{"name":"wp","href":"https:\/\/api.w.org\/{rel}","templated":true}]}}