{"id":4928,"date":"2017-03-22T12:21:48","date_gmt":"2017-03-22T17:21:48","guid":{"rendered":"http:\/\/vivaviajando.com\/?page_id=4928"},"modified":"2025-08-12T02:44:58","modified_gmt":"2025-08-12T07:44:58","slug":"quienes-somos","status":"publish","type":"page","link":"https:\/\/vivaviajando.com\/es\/quienes-somos\/","title":{"rendered":"Quienes Somos"},"content":{"rendered":"<p><\/p>\n<blockquote><p>Nuestra empresa;\u00a0<strong>VIVA VIAJANDO S.A.S<\/strong>\u00a0Agencia de viajes Mayorista, con registro nacional de turismo No. 7408 y Nit \u00a0# 830102533-3, certificados en normas sectoriales AV 01, NTS AV 02, NTS AV 03 y NTS AV 04 por SGS, con certificaci\u00f3n\u00a0<strong>NTS-TS003<\/strong>\u00a0Y\u00a0\u00a0<strong>SGSST<\/strong><strong>\u00a0<\/strong>al d\u00eda, y regidos bajo las leyes Colombianas que protegen al usuario. Fue creada desde hace 16 a\u00f1os, cuya misi\u00f3n es la de asesorar, organizar y comercializar servicios tur\u00edsticos que satisfagan las necesidades del mercado, al ofrecer completa seguridad y respaldo durante todo el viaje a sus clientes.<\/p>\n<p>Pertenecemos a ANATO, \u201cAsociaci\u00f3n Colombiana de Agencias de Viajes y Turismo\u201d, respaldados por el IDT Y EL Ministerio de Comercio, Industria y Turismo.<\/p>\n<p>D\u00eda a d\u00eda y con el \u00e1nimo de mejorar la atenci\u00f3n y el servicio que se debe brindar al usuario, ofrecemos respaldo desde que adquiere un plan de viaje hasta que regresa a su casa, lo que nos convierte en una empresa con servicio personalizado que hace un plus a su inversi\u00f3n. La amistad florece con belleza en la sinceridad.<\/p>\n<p><strong>\u00a1En Viva Viajando vendemos felicidad!<\/strong><\/p><\/blockquote>\n<p><\/p>","protected":false},"excerpt":{"rendered":"<p>Nuestra empresa;\u00a0VIVA VIAJANDO S.A.S\u00a0Agencia de viajes Mayorista, con registro nacional de turismo No. 7408 y Nit \u00a0# 830102533-3, certificados en normas sectoriales AV 01, NTS AV 02, NTS AV 03 y NTS AV 04 por SGS, con certificaci\u00f3n\u00a0NTS-TS003\u00a0Y\u00a0\u00a0SGSST\u00a0al d\u00eda, y regidos bajo las leyes Colombianas que [&hellip;]<\/p>\n","protected":false},"author":1,"featured_media":5227,"parent":0,"menu_order":0,"comment_status":"closed","ping_status":"closed","template":"","meta":[],"_links":{"self":[{"href":"https:\/\/vivaviajando.com\/es\/wp-json\/wp\/v2\/pages\/4928"}],"collection":[{"href":"https:\/\/vivaviajando.com\/es\/wp-json\/wp\/v2\/pages"}],"about":[{"href":"https:\/\/vivaviajando.com\/es\/wp-json\/wp\/v2\/types\/page"}],"author":[{"embeddable":true,"href":"https:\/\/vivaviajando.com\/es\/wp-json\/wp\/v2\/users\/1"}],"replies":[{"embeddable":true,"href":"https:\/\/vivaviajando.com\/es\/wp-json\/wp\/v2\/comments?post=4928"}],"version-history":[{"count":14,"href":"https:\/\/vivaviajando.com\/es\/wp-json\/wp\/v2\/pages\/4928\/revisions"}],"predecessor-version":[{"id":6605,"href":"https:\/\/vivaviajando.com\/es\/wp-json\/wp\/v2\/pages\/4928\/revisions\/6605"}],"wp:featuredmedia":[{"embeddable":true,"href":"https:\/\/vivaviajando.com\/es\/wp-json\/wp\/v2\/media\/5227"}],"wp:attachment":[{"href":"https:\/\/vivaviajando.com\/es\/wp-json\/wp\/v2\/media?parent=4928"}],"curies":[{"name":"wp","href":"https:\/\/api.w.org\/{rel}","templated":true}]}}