{"id":5588,"date":"2018-01-18T17:48:52","date_gmt":"2018-01-18T22:48:52","guid":{"rendered":"http:\/\/vivaviajando.com\/?page_id=5588"},"modified":"2018-03-15T11:16:15","modified_gmt":"2018-03-15T16:16:15","slug":"asia","status":"publish","type":"page","link":"https:\/\/vivaviajando.com\/en\/destinations\/asia\/","title":{"rendered":"Asia"},"content":{"rendered":"<div class=\"ppb_tour one withpadding \" >\n<div class=\"page_content_wrapper \" style=\"text-align:center\">\n<h2 class=\"ppb_title\">Asia<\/h2>\n<p><\/p>\n<div class=\"portfolio_filter_wrapper three_cols shortcode gallery section content clearfix\">\n<div class=\"element portfolio3filter_wrapper\">\n<div class=\"one_third gallery3 filterable gallery_type animated1\"><a href=\"http:\/\/vivaviajando.com\/tours\/nepal-trekking-annapurnas\/\"><br \/>\n        \t\t    <img src=\"http:\/\/vivaviajando.com\/wp-content\/uploads\/2018\/02\/hiking-JPG-560x460.jpg\" alt=\"\" \/><br \/>\n        \t\t<\/a><\/p>\n<div class=\"thumb_content  \">\n<div class=\"thumb_title\">\n<div class=\"tour_country\">\n\t            \t\tTrekking en Nepal\n\t            \t<\/div>\n<h3> Vuelta a los Annapurnas Himalaya 20 D\u00cdAS<\/h3>\n<\/p><\/div>\n<div class=\"thumb_meta\">\n<div class=\"tour_days\">\n\t            \t\t20 D\u00edas\n\t            \t<\/div>\n<div class=\"tour_price\">\n\t            \t\t<i class=\"fa fa-user\"><\/i><i class=\"fa fa-user\"><\/i> $USD\n\t            \t<\/div>\n<\/div>\n<\/div>\n<\/div>\n<\/div>\n<div class=\"element portfolio3filter_wrapper\">\n<div class=\"one_third gallery3 filterable gallery_type animated2\"><a href=\"http:\/\/vivaviajando.com\/tours\/india-salida-para-mujeres\/\"><br \/>\n        \t\t    <img src=\"http:\/\/vivaviajando.com\/wp-content\/uploads\/2017\/05\/58-560x460.jpg\" alt=\"\" \/><br \/>\n        \t\t<\/a><\/p>\n<div class=\"thumb_content  \">\n<div class=\"thumb_title\">\n<div class=\"tour_country\">\n\t            \t\tIndia\n\t            \t<\/div>\n<h3>INDIA SALIDA PARA MUJERES!<\/h3>\n<\/p><\/div>\n<div class=\"thumb_meta\">\n<div class=\"tour_days\">\n\t            \t\t20 D\u00edas\n\t            \t<\/div>\n<div class=\"tour_price\">\n\t            \t\t<i class=\"fa fa-user\"><\/i><i class=\"fa fa-user\"><\/i> $5\n\t            \t<\/div>\n<\/div>\n<\/div>\n<\/div>\n<\/div>\n<\/div>\n<\/div>\n<\/div>\n<div class=\"one withsmallpadding \" >\n<div class=\"page_content_wrapper\" style=\"text-align:center\">\n<h2 class=\"ppb_title\">Testimonials Asia<\/h2>\n<p><\/div>\n<\/div>\n","protected":false},"excerpt":{"rendered":"<p>Asia Trekking en Nepal Vuelta a los Annapurnas Himalaya 20 D\u00cdAS 20 D\u00edas $USD India INDIA SALIDA PARA MUJERES! 20 D\u00edas $5 Testimonials Asia<\/p>\n","protected":false},"author":1,"featured_media":4871,"parent":2823,"menu_order":0,"comment_status":"closed","ping_status":"closed","template":"page-destination.php","meta":[],"_links":{"self":[{"href":"https:\/\/vivaviajando.com\/en\/wp-json\/wp\/v2\/pages\/5588"}],"collection":[{"href":"https:\/\/vivaviajando.com\/en\/wp-json\/wp\/v2\/pages"}],"about":[{"href":"https:\/\/vivaviajando.com\/en\/wp-json\/wp\/v2\/types\/page"}],"author":[{"embeddable":true,"href":"https:\/\/vivaviajando.com\/en\/wp-json\/wp\/v2\/users\/1"}],"replies":[{"embeddable":true,"href":"https:\/\/vivaviajando.com\/en\/wp-json\/wp\/v2\/comments?post=5588"}],"version-history":[{"count":4,"href":"https:\/\/vivaviajando.com\/en\/wp-json\/wp\/v2\/pages\/5588\/revisions"}],"predecessor-version":[{"id":6025,"href":"https:\/\/vivaviajando.com\/en\/wp-json\/wp\/v2\/pages\/5588\/revisions\/6025"}],"up":[{"embeddable":true,"href":"https:\/\/vivaviajando.com\/en\/wp-json\/wp\/v2\/pages\/2823"}],"wp:featuredmedia":[{"embeddable":true,"href":"https:\/\/vivaviajando.com\/en\/wp-json\/wp\/v2\/media\/4871"}],"wp:attachment":[{"href":"https:\/\/vivaviajando.com\/en\/wp-json\/wp\/v2\/media?parent=5588"}],"curies":[{"name":"wp","href":"https:\/\/api.w.org\/{rel}","templated":true}]}}