{"id":5576,"date":"2018-01-18T17:18:37","date_gmt":"2018-01-18T22:18:37","guid":{"rendered":"http:\/\/vivaviajando.com\/?page_id=5576"},"modified":"2019-07-22T13:45:15","modified_gmt":"2019-07-22T18:45:15","slug":"centroamerica","status":"publish","type":"page","link":"https:\/\/vivaviajando.com\/en\/destinations\/centroamerica\/","title":{"rendered":"Central America"},"content":{"rendered":"<p><\/p>\n<div class=\"ppb_tour one withpadding \">\n<div class=\"page_content_wrapper \" style=\"text-align: center;\">\n<h2 class=\"ppb_title\">Centroam\u00e9rica<\/h2>\n<p>&nbsp;<\/p>\n<div class=\"portfolio_filter_wrapper three_cols shortcode gallery section content clearfix\">\n<div class=\"element portfolio3filter_wrapper\">\n<div class=\"one_third gallery3 filterable gallery_type animated1\"><a href=\"http:\/\/vivaviajando.com\/tours\/cancun-2\/\"><br \/>\n<img src=\"http:\/\/vivaviajando.com\/wp-content\/uploads\/2016\/01\/Cancun_Beach-560x460.jpg\" alt=\"\" \/><br \/>\n<\/a><\/p>\n<div class=\"thumb_content \">\n<div class=\"thumb_title\">\n<div class=\"tour_country\">M\u00e9xico<\/div>\n<h3>Canc\u00fan<\/h3>\n<\/div>\n<div class=\"thumb_meta\">\n<div class=\"tour_days\">5 D\u00edas<\/div>\n<div class=\"tour_price\"><i class=\"fa fa-user\"><\/i><i class=\"fa fa-user\"><\/i> $435<\/div>\n<\/div>\n<\/div>\n<\/div>\n<\/div>\n<div class=\"element portfolio3filter_wrapper\">\n<div class=\"one_third gallery3 filterable gallery_type animated2\"><a href=\"http:\/\/vivaviajando.com\/tours\/vive-riviera-maya\/\"><br \/>\n<img src=\"http:\/\/vivaviajando.com\/wp-content\/uploads\/2016\/01\/3180228146_40ef997948_o-560x460.jpg\" alt=\"\" \/><br \/>\n<\/a><\/p>\n<div class=\"tour_sale \">\n<div class=\"tour_sale_text\">Descuento<\/div>\n<p>6%<\/p>\n<\/div>\n<div class=\"thumb_content \">\n<div class=\"thumb_title\">\n<div class=\"tour_country\">Mexico<\/div>\n<h3>Vive Riviera Maya!<\/h3>\n<\/div>\n<div class=\"thumb_meta\">\n<div class=\"tour_days\">5 D\u00edas<\/div>\n<div class=\"tour_price\"><i class=\"fa fa-user\"><\/i><i class=\"fa fa-user\"><\/i> $930<\/div>\n<\/div>\n<\/div>\n<\/div>\n<\/div>\n<div class=\"element portfolio3filter_wrapper\">\n<div class=\"one_third gallery3 filterable gallery_type animated3\"><a href=\"http:\/\/vivaviajando.com\/tours\/vive-riviera-maya-2\/\"><br \/>\n<img src=\"http:\/\/vivaviajando.com\/wp-content\/uploads\/2016\/01\/3180228146_40ef997948_o-560x460.jpg\" alt=\"\" \/><br \/>\n<\/a><\/p>\n<div class=\"tour_sale \">\n<div class=\"tour_sale_text\">Descuento<\/div>\n<p>6%<\/p>\n<\/div>\n<div class=\"thumb_content \">\n<div class=\"thumb_title\">\n<div class=\"tour_country\">Mexico<\/div>\n<h3>(Espa\u00f1ol) Vive Riviera Maya!<\/h3>\n<\/div>\n<div class=\"thumb_meta\">\n<div class=\"tour_days\">5 D\u00edas<\/div>\n<div class=\"tour_price\"><i class=\"fa fa-user\"><\/i><i class=\"fa fa-user\"><\/i> $930<\/div>\n<\/div>\n<\/div>\n<\/div>\n<\/div>\n<div class=\"element portfolio3filter_wrapper\">\n<div class=\"one_third gallery3 filterable gallery_type animated4\"><a href=\"http:\/\/vivaviajando.com\/tours\/guatemala\/\"><br \/>\n<img src=\"http:\/\/vivaviajando.com\/wp-content\/uploads\/2015\/12\/Palacio_de_Ayuntamiento_en_La_Antigua_Guatemala-560x460.jpg\" alt=\"\" \/><br \/>\n<\/a><\/p>\n<div class=\"thumb_content \">\n<div class=\"thumb_title\">\n<div class=\"tour_country\">Guatemala<\/div>\n<h3>Ciudad de Guatemala<\/h3>\n<\/div>\n<div class=\"thumb_meta\">\n<div class=\"tour_days\">6 D\u00edas<\/div>\n<div class=\"tour_price\"><i class=\"fa fa-user\"><\/i><i class=\"fa fa-user\"><\/i> $955<\/div>\n<\/div>\n<\/div>\n<\/div>\n<\/div>\n<div class=\"element portfolio3filter_wrapper\">\n<div class=\"one_third gallery3 filterable gallery_type animated5\"><a href=\"http:\/\/vivaviajando.com\/tours\/san-jose-para-disfrutar\/\"><br \/>\n<img src=\"http:\/\/vivaviajando.com\/wp-content\/uploads\/2015\/12\/SanJoseCirclePalms-560x460.jpg\" alt=\"\" \/><br \/>\n<\/a><\/p>\n<div class=\"thumb_content \">\n<div class=\"thumb_title\">\n<div class=\"tour_country\">Costa Rica<\/div>\n<h3>San Jos\u00e9 para disfrutar<\/h3>\n<\/div>\n<div class=\"thumb_meta\">\n<div class=\"tour_days\">5 D\u00edas<\/div>\n<div class=\"tour_price\"><i class=\"fa fa-user\"><\/i> <i class=\"fa fa-user\"><\/i> $690<\/div>\n<\/div>\n<\/div>\n<\/div>\n<\/div>\n<\/div>\n<\/div>\n<\/div>\n<p><\/p>","protected":false},"excerpt":{"rendered":"<p>Centroam\u00e9rica &nbsp; M\u00e9xico Canc\u00fan 5 D\u00edas $435 Descuento 6% Mexico Vive Riviera Maya! 5 D\u00edas $930 Descuento 6% Mexico (Espa\u00f1ol) Vive Riviera Maya! 5 D\u00edas $930 Guatemala Ciudad de Guatemala 6 D\u00edas $955 Costa Rica San Jos\u00e9 para disfrutar 5 D\u00edas $690<\/p>\n","protected":false},"author":1,"featured_media":4109,"parent":2823,"menu_order":0,"comment_status":"closed","ping_status":"closed","template":"","meta":[],"_links":{"self":[{"href":"https:\/\/vivaviajando.com\/en\/wp-json\/wp\/v2\/pages\/5576"}],"collection":[{"href":"https:\/\/vivaviajando.com\/en\/wp-json\/wp\/v2\/pages"}],"about":[{"href":"https:\/\/vivaviajando.com\/en\/wp-json\/wp\/v2\/types\/page"}],"author":[{"embeddable":true,"href":"https:\/\/vivaviajando.com\/en\/wp-json\/wp\/v2\/users\/1"}],"replies":[{"embeddable":true,"href":"https:\/\/vivaviajando.com\/en\/wp-json\/wp\/v2\/comments?post=5576"}],"version-history":[{"count":6,"href":"https:\/\/vivaviajando.com\/en\/wp-json\/wp\/v2\/pages\/5576\/revisions"}],"predecessor-version":[{"id":6298,"href":"https:\/\/vivaviajando.com\/en\/wp-json\/wp\/v2\/pages\/5576\/revisions\/6298"}],"up":[{"embeddable":true,"href":"https:\/\/vivaviajando.com\/en\/wp-json\/wp\/v2\/pages\/2823"}],"wp:featuredmedia":[{"embeddable":true,"href":"https:\/\/vivaviajando.com\/en\/wp-json\/wp\/v2\/media\/4109"}],"wp:attachment":[{"href":"https:\/\/vivaviajando.com\/en\/wp-json\/wp\/v2\/media?parent=5576"}],"curies":[{"name":"wp","href":"https:\/\/api.w.org\/{rel}","templated":true}]}}